{"id":1978,"date":"2020-02-27T11:36:13","date_gmt":"2020-02-27T14:36:13","guid":{"rendered":"http:\/\/www.ricardolorenzetti.com\/?page_id=1978"},"modified":"2020-02-27T11:36:13","modified_gmt":"2020-02-27T14:36:13","slug":"books-in-paraguay","status":"publish","type":"page","link":"https:\/\/ricardolorenzetti.com\/en\/books-in-paraguay\/","title":{"rendered":"Books in Paraguay"},"content":{"rendered":"<p><strong><img loading=\"lazy\" decoding=\"async\" class=\"size-medium wp-image-1979 alignleft\" src=\"http:\/\/www.ricardolorenzetti.com\/img\/01-7-213x300.jpg\" alt=\"\" width=\"213\" height=\"300\" \/><\/strong><\/p>\n<p><strong>Environmental law theory<\/strong><br \/>\n(<em>Teor\u00eda del Derecho ambiental<\/em>)<br \/>\nCo-writer: Pablo Lorenzetti<br \/>\nPublishing house (in spanish): La Ley Paraguay<br \/>\nYear 2019<\/p>\n<p>The environmental paradigm acts as an organizational principle of rhetorical, analytical and protective thinking, which is linked to systemic interactions and holistic approaches. Under these premises, a coordination in the operation between the economic, social and natural systems is pursued, as well as a communicability of the principles between Public and Private Law. The goal is to address conflicts that usually arise within the social sphere, which includes public goods and those acts performed by the individual located in the collective action. In these cases, subjective rights are interpreted in such a way that they do not conspire against the integrity of such goods. In the relationship between property rights and the environment, an &#8220;environmental function&#8221; must be recognized, since the multiplicity of individual rights of the owners must be coordinated, oriented towards the preservation of the collective good. The environmental paradigm conceives nature as a collective good, scarce or in danger, and is willing to limit individual rights. A change in the notion of the rule of law occurs under this approach. The State of Environmental Law incorporates the collective variable and the protection of common goods as a central axis of public policies. On the other hand, legal instruments are also subject to revision and institutes are &#8220;environmentalized&#8221; such as the theory of property, civil responsibility and the process, among others. It is intended to place the legal systems in tune with the rules of nature in order to achieve greater implementation of Environmental Law.<\/p>\n<p>&nbsp;<\/p>\n<p><strong>Private law fundaments. Argentine Civil and Commercial Code of the Nation<\/strong><br \/>\n(<em>Fundamentos de derecho privado: C\u00f3digo Civil y Comercial de la Naci\u00f3n Argentina<\/em>)<br \/>\nPublishing house (in spanish): Thomson Reuters La Ley<br \/>\nYear 2016<\/p>\n<p>&nbsp;<\/p>\n<p><strong><img loading=\"lazy\" decoding=\"async\" class=\"size-medium wp-image-2088 alignleft\" src=\"https:\/\/www.ricardolorenzetti.com\/img\/03-el-arte-de-hacer-justici-211x300.jpg\" alt=\"\" width=\"211\" height=\"300\" \/><\/strong><\/p>\n<p><strong>The art of making justice. The intimacy behind the Argentine Supreme Court\u2019s most difficult cases<\/strong><br \/>\n(<em>El arte de hacer justicia. La intimidad de los casos m\u00e1s dif\u00edciles de la Corte Suprema de Argentina<\/em>)<br \/>\nPublishing house (in spanish): Thomson Reuters La Ley<br \/>\nYear 2016<\/p>\n<p>What is it like to do justice in Argentina? What happens behind the doors of the Palace (<em>Palacio de Tribunales<\/em>)? How are the most delicate rulings solved? This book began with the idea of answering those questions and exposing the work of the Supreme Court to the citizens, to those who are not lawyers or don\u2019t know the language of law. But it ended up becoming something bigger. Based on important cases, the book analyzes the conduct of diverse, multicultural societies, the articulation of conflicts and consensus, the protection of freedom of expression, the ability to freely decide our lifestyles, the debate on equality of subsidies or opportunities, social exclusion, environmental protection and the rule of law. Ricardo Lorenzetti, president of the Supreme Court from 2004 to 2018, narrates in this book, in a kind, \u201ceasy-to-read\u201d language, with few (if not any) legal terms, and in the first person, the unknown details of the most complex cases that the Argentine Justice had to face in the last years and that gave birth to a rereading of the Constitution, facing the most acute problems of our society. The book shows the debates inside and outside the Court and marks the great guidelines of the 21st century\u2019s new cycle of governance.<\/p>\n<p>&nbsp;<\/p>\n<p><strong>Private international law and public international law: a necessary meeting<\/strong><br \/>\n(<em>Derecho internacional privado y derecho internacional p\u00fablico: un encuentro necesario<\/em>)<br \/>\nJoint work. Integrates the scientific committee<br \/>\nPublishing house (in spanish): Centro de Estudios de Derecho, Econom\u00eda y Pol\u00edtica (CEPED) and Asociaci\u00f3n Americana de Derecho Internacional Privado (ASADIP).<br \/>\nYear 2011<\/p>\n<p>&nbsp;<\/p>\n<p>&nbsp;<\/p>\n<p>&nbsp;<\/p>\n<p>&nbsp;<\/p>\n<p>&nbsp;<\/p>\n<p>&nbsp;<\/p>\n<p>&nbsp;<\/p>\n","protected":false},"excerpt":{"rendered":"<p>Environmental law theory (Teor\u00eda del Derecho ambiental) Co-writer: Pablo Lorenzetti Publishing house (in spanish): La Ley Paraguay Year 2019 The environmental paradigm acts as an&#8230;<\/p>\n<div class=\"more-link-wrapper\"><a class=\"more-link\" href=\"https:\/\/ricardolorenzetti.com\/en\/books-in-paraguay\/\">Read more<span class=\"screen-reader-text\">Books in Paraguay<\/span><\/a><\/div>\n","protected":false},"author":6,"featured_media":0,"parent":0,"menu_order":0,"comment_status":"closed","ping_status":"closed","template":"","meta":{"footnotes":""},"class_list":["post-1978","page","type-page","status-publish","hentry","entry"],"_links":{"self":[{"href":"https:\/\/ricardolorenzetti.com\/en\/wp-json\/wp\/v2\/pages\/1978","targetHints":{"allow":["GET"]}}],"collection":[{"href":"https:\/\/ricardolorenzetti.com\/en\/wp-json\/wp\/v2\/pages"}],"about":[{"href":"https:\/\/ricardolorenzetti.com\/en\/wp-json\/wp\/v2\/types\/page"}],"author":[{"embeddable":true,"href":"https:\/\/ricardolorenzetti.com\/en\/wp-json\/wp\/v2\/users\/6"}],"replies":[{"embeddable":true,"href":"https:\/\/ricardolorenzetti.com\/en\/wp-json\/wp\/v2\/comments?post=1978"}],"version-history":[{"count":0,"href":"https:\/\/ricardolorenzetti.com\/en\/wp-json\/wp\/v2\/pages\/1978\/revisions"}],"wp:attachment":[{"href":"https:\/\/ricardolorenzetti.com\/en\/wp-json\/wp\/v2\/media?parent=1978"}],"curies":[{"name":"wp","href":"https:\/\/api.w.org\/{rel}","templated":true}]}}