{"id":1961,"date":"2020-02-27T11:36:36","date_gmt":"2020-02-27T14:36:36","guid":{"rendered":"http:\/\/www.ricardolorenzetti.com\/?page_id=1961"},"modified":"2020-02-27T11:36:36","modified_gmt":"2020-02-27T14:36:36","slug":"books-in-spain","status":"publish","type":"page","link":"https:\/\/ricardolorenzetti.com\/en\/books-in-spain\/","title":{"rendered":"Books in Spain"},"content":{"rendered":"<p><strong><img loading=\"lazy\" decoding=\"async\" class=\"size-medium wp-image-1963 alignleft\" src=\"http:\/\/www.ricardolorenzetti.com\/img\/01-derecho-am-216x300.jpg\" alt=\"\" width=\"216\" height=\"300\" \/><\/strong><\/p>\n<p><strong>Principles and institutions of environmental law<\/strong><br \/>\n(<em>Principios e instituciones de Derecho ambiental<\/em>)<br \/>\nCo-writer: Pablo Lorenzetti<br \/>\nPublishing house (in spanish):\u00a0<a href=\"https:\/\/tienda.wolterskluwer.es\/p\/principios-e-instituciones-de-derecho-ambiental\" target=\"_blank\" rel=\"noopener\">Wolters Kluwer Espa\u00f1a SA<\/a><br \/>\nYear 2019<\/p>\n<p>The environmental paradigm acts as an organizational principle of rhetorical, analytical and protective thinking, which is linked to systemic interactions and holistic approaches. Under these premises, a coordination in the operation between the economic, social and natural systems is pursued, as well as a communicability of the principles between Public and Private Law. The goal is to address conflicts that usually arise within the social sphere, which includes public goods and those acts performed by the individual located in the collective action. In these cases, subjective rights are interpreted in such a way that they do not conspire against the integrity of such goods. In the relationship between property rights and the environment, an &#8220;environmental function&#8221; must be recognized, since the multiplicity of individual rights of the owners must be coordinated, oriented towards the preservation of the collective good. The environmental paradigm conceives nature as a collective good, scarce or in danger, and is willing to limit individual rights. A change in the notion of the rule of law occurs under this approach. The State of Environmental Law incorporates the collective variable and the protection of common goods as a central axis of public policies. On the other hand, legal instruments are also subject to revision and institutes are &#8220;environmentalized&#8221; such as the theory of property, civil responsibility and the process, among others. It is intended to place the legal systems in tune with the rules of nature in order to achieve greater implementation of Environmental Law.<\/p>\n<p>&nbsp;<\/p>\n<p>&nbsp;<\/p>\n<p><strong><img loading=\"lazy\" decoding=\"async\" class=\"size-medium wp-image-1965 alignleft\" src=\"http:\/\/www.ricardolorenzetti.com\/img\/02-el-arte-de-hacer-justici-1-201x300.jpg\" alt=\"\" width=\"201\" height=\"300\" \/><\/strong><\/p>\n<p><strong>The art of making justice. The intimacy behind the Argentine Supreme Court\u2019s most difficult cases<\/strong><br \/>\n(<em>El arte de hacer justicia. La intimidad de los casos m\u00e1s dif\u00edciles de la Corte Suprema de Argentina<\/em>)<br \/>\nPublishing house (in spanish):\u00a0<a href=\"https:\/\/www.thomsonreuters.es\/es\/tienda\/libro\/El-arte-de-hacer-justicia\/p\/15571\" target=\"_blank\" rel=\"noopener\">Aranzadi SA Thomson Reuters<\/a><br \/>\nYear 2015<\/p>\n<p>What is it like to do justice in Argentina? What happens behind the doors of the Palace (<em>Palacio de Tribunales<\/em>)? How are the most delicate rulings solved? This book began with the idea of answering those questions and exposing the work of the Supreme Court to the citizens, to those who are not lawyers or don\u2019t know the language of law. But it ended up becoming something bigger. Based on important cases, the book analyzes the conduct of diverse, multicultural societies, the articulation of conflicts and consensus, the protection of freedom of expression, the ability to freely decide our lifestyles, the debate on equality of subsidies or opportunities, social exclusion, environmental protection and the rule of law. Ricardo Lorenzetti, president of the Supreme Court from 2004 to 2018, narrates in this book, in a kind, \u201ceasy-to-read\u201d language, with few (if not any) legal terms, and in the first person, the unknown details of the most complex cases that the Argentine Justice had to face in the last years and that gave birth to a rereading of the Constitution, facing the most acute problems of our society. The book shows the debates inside and outside the Court and marks the great guidelines of the 21st century\u2019s new cycle of governance.<\/p>\n<p>&nbsp;<\/p>\n<p>&nbsp;<\/p>\n<p><strong><img loading=\"lazy\" decoding=\"async\" class=\"size-medium wp-image-1994 alignleft\" src=\"http:\/\/www.ricardolorenzetti.com\/img\/03a-teoria-del-derecho-ambi-207x300.jpg\" alt=\"\" width=\"207\" height=\"300\" \/><\/strong><\/p>\n<p><strong>General theory of environmental law<\/strong><br \/>\n(<em>Teor\u00eda del Derecho Ambiental<\/em>)<strong><br \/>\n<\/strong>Publishing house (in spanish):\u00a0<a href=\"https:\/\/www.thomsonreuters.es\/es\/tienda\/libro\/teoria-del-derecho-ambiental\/p\/11589\" target=\"_blank\" rel=\"noopener\">Aranzadi SA Thomson Reuters<\/a><br \/>\nYear 2010<\/p>\n<p>The legal history of the West was built on the basis of the protection of property and of the person, which left an indelible mark in numerous investigations, which lead to the application of that model of guardianship to a new area: the environment. Throughout this work, we try to demonstrate that this adaptation is incorrect because we are not in the presence of an analogous fact, but a completely different one. Therefore, it requires an appropriate theory &#8230; Environmental goods are not mere empirical facts that can be legislated, but they are part of a complex system that motivates its own regulations and classifying orders. All it takes is to observe the international treaties and national laws existing in the world on soils, seas, drinking water, glaciers, flora and fauna, pure air, global warming, species in extinction and others similar to appreciate the insufficiency of the analogy. (Fragment of the Preface)<\/p>\n<p>&nbsp;<\/p>\n<p><strong>Responsa iurisperitorum digesta &#8211; vol iv<\/strong><br \/>\nIn collaboration with Dres. Torcal, Montero, Cascajo Castro, Pavarini, L\u00f3pez &#8211; Casanovas, Garro, Mu\u00f1oz, Garrido, Ferr\u00e9 Oliv\u00e9, Hassemer, Calvo S\u00e1nchez, Nogler y Tejerizo L\u00f3pez. Written by Ricardo Luis Lorenzetti: &#8220;Considerations on civil responsibility in XXIth century (<em>Reflexiones acerca de la responsabilidad civil en el siglo XXI<\/em>)&#8221;, p. 47 a 82.<br \/>\nPublishing house (in spanish):\u00a0Universidad de Salamanca<br \/>\nYear 2003<\/p>\n<p>&nbsp;<\/p>\n<p>&nbsp;<\/p>\n<p>&nbsp;<\/p>\n<p>&nbsp;<\/p>\n<p>&nbsp;<\/p>\n","protected":false},"excerpt":{"rendered":"<p>Principles and institutions of environmental law (Principios e instituciones de Derecho ambiental) Co-writer: Pablo Lorenzetti Publishing house (in spanish):\u00a0Wolters Kluwer Espa\u00f1a SA Year 2019 The&#8230;<\/p>\n<div class=\"more-link-wrapper\"><a class=\"more-link\" href=\"https:\/\/ricardolorenzetti.com\/en\/books-in-spain\/\">Read more<span class=\"screen-reader-text\">Books in Spain<\/span><\/a><\/div>\n","protected":false},"author":6,"featured_media":0,"parent":0,"menu_order":0,"comment_status":"closed","ping_status":"closed","template":"","meta":{"footnotes":""},"class_list":["post-1961","page","type-page","status-publish","hentry","entry"],"_links":{"self":[{"href":"https:\/\/ricardolorenzetti.com\/en\/wp-json\/wp\/v2\/pages\/1961","targetHints":{"allow":["GET"]}}],"collection":[{"href":"https:\/\/ricardolorenzetti.com\/en\/wp-json\/wp\/v2\/pages"}],"about":[{"href":"https:\/\/ricardolorenzetti.com\/en\/wp-json\/wp\/v2\/types\/page"}],"author":[{"embeddable":true,"href":"https:\/\/ricardolorenzetti.com\/en\/wp-json\/wp\/v2\/users\/6"}],"replies":[{"embeddable":true,"href":"https:\/\/ricardolorenzetti.com\/en\/wp-json\/wp\/v2\/comments?post=1961"}],"version-history":[{"count":0,"href":"https:\/\/ricardolorenzetti.com\/en\/wp-json\/wp\/v2\/pages\/1961\/revisions"}],"wp:attachment":[{"href":"https:\/\/ricardolorenzetti.com\/en\/wp-json\/wp\/v2\/media?parent=1961"}],"curies":[{"name":"wp","href":"https:\/\/api.w.org\/{rel}","templated":true}]}}